{"id":15560,"date":"2024-09-16T08:28:31","date_gmt":"2024-09-16T11:28:31","guid":{"rendered":"https:\/\/www.auxiliadorapredial.com.br\/blog\/?page_id=15560"},"modified":"2024-09-24T09:22:38","modified_gmt":"2024-09-24T12:22:38","slug":"perguntas-frequentes-auxiliadora-predial","status":"publish","type":"page","link":"https:\/\/www.auxiliadorapredial.com.br\/blog\/perguntas-frequentes-auxiliadora-predial\/","title":{"rendered":"Perguntas Frequentes &#8211; Auxiliadora Predial"},"content":{"rendered":"\n<figure class=\"wp-block-embed is-type-wp-embed is-provider-blog-da-auxiliadora-predial-tudo-sobre-im-veis-e-condom-nios wp-block-embed-blog-da-auxiliadora-predial-tudo-sobre-im-veis-e-condom-nios\"><div class=\"wp-block-embed__wrapper\">\n<blockquote class=\"wp-embedded-content\" data-secret=\"wrD5DsVtqE\"><a href=\"https:\/\/www.auxiliadorapredial.com.br\/blog\/perguntas-frequentes-proprietario-de-imovel\/\">Perguntas Frequentes &#8211; Propriet\u00e1rio de Im\u00f3vel<\/a><\/blockquote><iframe class=\"wp-embedded-content\" sandbox=\"allow-scripts\" security=\"restricted\" style=\"position: absolute; visibility: hidden;\" title=\"&#8220;Perguntas Frequentes &#8211; Propriet\u00e1rio de Im\u00f3vel&#8221; &#8212; Blog da Auxiliadora Predial - Tudo sobre im\u00f3veis e condom\u00ednios\" src=\"https:\/\/www.auxiliadorapredial.com.br\/blog\/perguntas-frequentes-proprietario-de-imovel\/embed\/#?secret=OTUiU9I5Gm#?secret=wrD5DsVtqE\" data-secret=\"wrD5DsVtqE\" width=\"600\" height=\"338\" frameborder=\"0\" marginwidth=\"0\" marginheight=\"0\" scrolling=\"no\"><\/iframe>\n<\/div><\/figure>\n\n\n\n<p><\/p>\n\n\n\n<p><\/p>\n\n\n\n<figure class=\"wp-block-embed is-type-wp-embed is-provider-blog-da-auxiliadora-predial-tudo-sobre-im-veis-e-condom-nios wp-block-embed-blog-da-auxiliadora-predial-tudo-sobre-im-veis-e-condom-nios\"><div class=\"wp-block-embed__wrapper\">\n<blockquote class=\"wp-embedded-content\" data-secret=\"aNUnluKXy6\"><a href=\"https:\/\/www.auxiliadorapredial.com.br\/blog\/perguntas-frequentes-inquilino\/\">Perguntas frequentes &#8211; Inquilino<\/a><\/blockquote><iframe class=\"wp-embedded-content\" sandbox=\"allow-scripts\" security=\"restricted\" style=\"position: absolute; visibility: hidden;\" title=\"&#8220;Perguntas frequentes &#8211; Inquilino&#8221; &#8212; Blog da Auxiliadora Predial - Tudo sobre im\u00f3veis e condom\u00ednios\" src=\"https:\/\/www.auxiliadorapredial.com.br\/blog\/perguntas-frequentes-inquilino\/embed\/#?secret=M7XUW64npe#?secret=aNUnluKXy6\" data-secret=\"aNUnluKXy6\" width=\"600\" height=\"338\" frameborder=\"0\" marginwidth=\"0\" marginheight=\"0\" scrolling=\"no\"><\/iframe>\n<\/div><\/figure>\n\n\n\n<figure class=\"wp-block-embed is-type-wp-embed is-provider-blog-da-auxiliadora-predial-tudo-sobre-im-veis-e-condom-nios wp-block-embed-blog-da-auxiliadora-predial-tudo-sobre-im-veis-e-condom-nios\"><div class=\"wp-block-embed__wrapper\">\n<blockquote class=\"wp-embedded-content\" data-secret=\"zT7AnhmGiT\"><a href=\"https:\/\/www.auxiliadorapredial.com.br\/blog\/perguntas-frequentes-condominios\/\">Perguntas Frequentes &#8211; Condom\u00ednios<\/a><\/blockquote><iframe class=\"wp-embedded-content\" sandbox=\"allow-scripts\" security=\"restricted\" style=\"position: absolute; visibility: hidden;\" title=\"&#8220;Perguntas Frequentes &#8211; Condom\u00ednios&#8221; &#8212; Blog da Auxiliadora Predial - Tudo sobre im\u00f3veis e condom\u00ednios\" src=\"https:\/\/www.auxiliadorapredial.com.br\/blog\/perguntas-frequentes-condominios\/embed\/#?secret=nUxgITmyw5#?secret=zT7AnhmGiT\" data-secret=\"zT7AnhmGiT\" width=\"600\" height=\"338\" frameborder=\"0\" marginwidth=\"0\" marginheight=\"0\" scrolling=\"no\"><\/iframe>\n<\/div><\/figure>\n","protected":false},"excerpt":{"rendered":"","protected":false},"author":16,"featured_media":0,"parent":0,"menu_order":0,"comment_status":"closed","ping_status":"closed","template":"","meta":{"footnotes":""},"class_list":["post-15560","page","type-page","status-publish","hentry"],"yoast_head":"<!-- This site is optimized with the Yoast SEO plugin v27.3 - https:\/\/yoast.com\/product\/yoast-seo-wordpress\/ -->\n<title>Perguntas Frequentes - Auxiliadora Predial - Blog da Auxiliadora Predial - Tudo sobre im\u00f3veis e condom\u00ednios<\/title>\n<meta name=\"description\" content=\"Acesse as respostas das principais d\u00favidas do mercado imobili\u00e1rio em alugu\u00e9is, vendas e condom\u00ednios!\" \/>\n<meta name=\"robots\" content=\"index, follow, max-snippet:-1, max-image-preview:large, max-video-preview:-1\" \/>\n<link rel=\"canonical\" href=\"https:\/\/www.auxiliadorapredial.com.br\/blog\/perguntas-frequentes-auxiliadora-predial\/\" \/>\n<meta property=\"og:locale\" content=\"pt_BR\" \/>\n<meta property=\"og:type\" content=\"article\" \/>\n<meta property=\"og:title\" content=\"Perguntas Frequentes - Auxiliadora Predial - Blog da Auxiliadora Predial - Tudo sobre im\u00f3veis e condom\u00ednios\" \/>\n<meta property=\"og:description\" content=\"Acesse as respostas das principais d\u00favidas do mercado imobili\u00e1rio em alugu\u00e9is, vendas e condom\u00ednios!\" \/>\n<meta property=\"og:url\" content=\"https:\/\/www.auxiliadorapredial.com.br\/blog\/perguntas-frequentes-auxiliadora-predial\/\" \/>\n<meta property=\"og:site_name\" content=\"Blog da Auxiliadora Predial - Tudo sobre im\u00f3veis e condom\u00ednios\" \/>\n<meta property=\"article:modified_time\" content=\"2024-09-24T12:22:38+00:00\" \/>\n<meta name=\"twitter:card\" content=\"summary_large_image\" \/>\n<meta name=\"twitter:label1\" content=\"Est. tempo de leitura\" \/>\n\t<meta name=\"twitter:data1\" content=\"1 minuto\" \/>\n<script type=\"application\/ld+json\" class=\"yoast-schema-graph\">{\"@context\":\"https:\\\/\\\/schema.org\",\"@graph\":[{\"@type\":\"WebPage\",\"@id\":\"https:\\\/\\\/www.auxiliadorapredial.com.br\\\/blog\\\/perguntas-frequentes-auxiliadora-predial\\\/\",\"url\":\"https:\\\/\\\/www.auxiliadorapredial.com.br\\\/blog\\\/perguntas-frequentes-auxiliadora-predial\\\/\",\"name\":\"Perguntas Frequentes - Auxiliadora Predial - Blog da Auxiliadora Predial - Tudo sobre im\u00f3veis e condom\u00ednios\",\"isPartOf\":{\"@id\":\"https:\\\/\\\/www.auxiliadorapredial.com.br\\\/blog\\\/#website\"},\"datePublished\":\"2024-09-16T11:28:31+00:00\",\"dateModified\":\"2024-09-24T12:22:38+00:00\",\"description\":\"Acesse as respostas das principais d\u00favidas do mercado imobili\u00e1rio em alugu\u00e9is, vendas e condom\u00ednios!\",\"inLanguage\":\"pt-BR\",\"potentialAction\":[{\"@type\":\"ReadAction\",\"target\":[\"https:\\\/\\\/www.auxiliadorapredial.com.br\\\/blog\\\/perguntas-frequentes-auxiliadora-predial\\\/\"]}]},{\"@type\":\"WebSite\",\"@id\":\"https:\\\/\\\/www.auxiliadorapredial.com.br\\\/blog\\\/#website\",\"url\":\"https:\\\/\\\/www.auxiliadorapredial.com.br\\\/blog\\\/\",\"name\":\"Blog da Auxiliadora Predial - Tudo sobre im\u00f3veis e condom\u00ednios\",\"description\":\"Dicas da Auxiliadora Predial sobre aluguel, compra e venda de im\u00f3veis, al\u00e9m de condom\u00ednios. Imobili\u00e1ria em Porto Alegre e interior do RS, Santa Catarina e S\u00e3o Paulo.\",\"potentialAction\":[{\"@type\":\"SearchAction\",\"target\":{\"@type\":\"EntryPoint\",\"urlTemplate\":\"https:\\\/\\\/www.auxiliadorapredial.com.br\\\/blog\\\/?s={search_term_string}\"},\"query-input\":{\"@type\":\"PropertyValueSpecification\",\"valueRequired\":true,\"valueName\":\"search_term_string\"}}],\"inLanguage\":\"pt-BR\"}]}<\/script>\n<!-- \/ Yoast SEO plugin. -->","yoast_head_json":{"title":"Perguntas Frequentes - Auxiliadora Predial - Blog da Auxiliadora Predial - Tudo sobre im\u00f3veis e condom\u00ednios","description":"Acesse as respostas das principais d\u00favidas do mercado imobili\u00e1rio em alugu\u00e9is, vendas e condom\u00ednios!","robots":{"index":"index","follow":"follow","max-snippet":"max-snippet:-1","max-image-preview":"max-image-preview:large","max-video-preview":"max-video-preview:-1"},"canonical":"https:\/\/www.auxiliadorapredial.com.br\/blog\/perguntas-frequentes-auxiliadora-predial\/","og_locale":"pt_BR","og_type":"article","og_title":"Perguntas Frequentes - Auxiliadora Predial - Blog da Auxiliadora Predial - Tudo sobre im\u00f3veis e condom\u00ednios","og_description":"Acesse as respostas das principais d\u00favidas do mercado imobili\u00e1rio em alugu\u00e9is, vendas e condom\u00ednios!","og_url":"https:\/\/www.auxiliadorapredial.com.br\/blog\/perguntas-frequentes-auxiliadora-predial\/","og_site_name":"Blog da Auxiliadora Predial - Tudo sobre im\u00f3veis e condom\u00ednios","article_modified_time":"2024-09-24T12:22:38+00:00","twitter_card":"summary_large_image","twitter_misc":{"Est. tempo de leitura":"1 minuto"},"schema":{"@context":"https:\/\/schema.org","@graph":[{"@type":"WebPage","@id":"https:\/\/www.auxiliadorapredial.com.br\/blog\/perguntas-frequentes-auxiliadora-predial\/","url":"https:\/\/www.auxiliadorapredial.com.br\/blog\/perguntas-frequentes-auxiliadora-predial\/","name":"Perguntas Frequentes - Auxiliadora Predial - Blog da Auxiliadora Predial - Tudo sobre im\u00f3veis e condom\u00ednios","isPartOf":{"@id":"https:\/\/www.auxiliadorapredial.com.br\/blog\/#website"},"datePublished":"2024-09-16T11:28:31+00:00","dateModified":"2024-09-24T12:22:38+00:00","description":"Acesse as respostas das principais d\u00favidas do mercado imobili\u00e1rio em alugu\u00e9is, vendas e condom\u00ednios!","inLanguage":"pt-BR","potentialAction":[{"@type":"ReadAction","target":["https:\/\/www.auxiliadorapredial.com.br\/blog\/perguntas-frequentes-auxiliadora-predial\/"]}]},{"@type":"WebSite","@id":"https:\/\/www.auxiliadorapredial.com.br\/blog\/#website","url":"https:\/\/www.auxiliadorapredial.com.br\/blog\/","name":"Blog da Auxiliadora Predial - Tudo sobre im\u00f3veis e condom\u00ednios","description":"Dicas da Auxiliadora Predial sobre aluguel, compra e venda de im\u00f3veis, al\u00e9m de condom\u00ednios. Imobili\u00e1ria em Porto Alegre e interior do RS, Santa Catarina e S\u00e3o Paulo.","potentialAction":[{"@type":"SearchAction","target":{"@type":"EntryPoint","urlTemplate":"https:\/\/www.auxiliadorapredial.com.br\/blog\/?s={search_term_string}"},"query-input":{"@type":"PropertyValueSpecification","valueRequired":true,"valueName":"search_term_string"}}],"inLanguage":"pt-BR"}]}},"_links":{"self":[{"href":"https:\/\/www.auxiliadorapredial.com.br\/blog\/wp-json\/wp\/v2\/pages\/15560","targetHints":{"allow":["GET"]}}],"collection":[{"href":"https:\/\/www.auxiliadorapredial.com.br\/blog\/wp-json\/wp\/v2\/pages"}],"about":[{"href":"https:\/\/www.auxiliadorapredial.com.br\/blog\/wp-json\/wp\/v2\/types\/page"}],"author":[{"embeddable":true,"href":"https:\/\/www.auxiliadorapredial.com.br\/blog\/wp-json\/wp\/v2\/users\/16"}],"replies":[{"embeddable":true,"href":"https:\/\/www.auxiliadorapredial.com.br\/blog\/wp-json\/wp\/v2\/comments?post=15560"}],"version-history":[{"count":8,"href":"https:\/\/www.auxiliadorapredial.com.br\/blog\/wp-json\/wp\/v2\/pages\/15560\/revisions"}],"predecessor-version":[{"id":15877,"href":"https:\/\/www.auxiliadorapredial.com.br\/blog\/wp-json\/wp\/v2\/pages\/15560\/revisions\/15877"}],"wp:attachment":[{"href":"https:\/\/www.auxiliadorapredial.com.br\/blog\/wp-json\/wp\/v2\/media?parent=15560"}],"curies":[{"name":"wp","href":"https:\/\/api.w.org\/{rel}","templated":true}]}}